{"id":18796,"date":"2018-08-27T19:43:16","date_gmt":"2018-08-27T19:43:16","guid":{"rendered":"http:\/\/novo.gruporazente.com.br\/?page_id=18796"},"modified":"2019-05-16T11:15:30","modified_gmt":"2019-05-16T11:15:30","slug":"a-empresa-pre-moldados-razente","status":"publish","type":"page","link":"https:\/\/www.imobiliariarazente.com.br\/index.php\/a-empresa-pre-moldados-razente\/","title":{"rendered":"A Empresa &#8211; Pr\u00e9 Moldados Razente"},"content":{"rendered":"<p>Adquirida em 1990, a antiga Indulajes passou a se chamar Pr\u00e9-Moldados Razente e foi incorporada ao Grupo Razente.<\/p>\n<p>A Pr\u00e9-Moldados Razente \u00e9 uma empresa s\u00f3lida que iniciou seu trabalho com a fabrica\u00e7\u00e3o de lajes pr\u00e9-fabricadas, muros e pequenos barrac\u00f5es para bicho da seda.<\/p>\n<p>Nestes mais de 30 anos de exist\u00eancia desenvolve um trabalho visando a qualidade e satisfa\u00e7\u00e3o de nossos clientes, construindo um hist\u00f3rico amplo e respeitado no meio das constru\u00e7\u00f5es pr\u00e9-fabricadas. Hoje atua no mercado com galp\u00f5es industriais com fechamento em placas, estruturas pr\u00e9-moldadas para obras com at\u00e9 4 pavimentos, lajes pr\u00e9-fabricadas, postes e palanques.<\/p>\n<p>Com a mesma filosofia de trabalho e dedica\u00e7\u00e3o das empresas do Grupo Razente, a Pr\u00e9-moldados est\u00e1 preparada para atender as mais variadas necessidades dos projetistas na realiza\u00e7\u00e3o de obras diferenciadas buscando o aperfei\u00e7oamento cont\u00ednuo de seus produtos. Para isso possui um corpo t\u00e9cnico qualificado e que atende o cliente em todo o processo de aquisi\u00e7\u00e3o de seus produtos, desde o or\u00e7amento, desenvolvimento e compatibiliza\u00e7\u00e3o do projeto, fabrica\u00e7\u00e3o, montagem e finalizando no p\u00f3s-venda. Esse suporte t\u00e9cnico abrangente faz com que o cliente possa obter a melhor rela\u00e7\u00e3o entre custo x benef\u00edcio x qualidade, al\u00e9m de ter a garantia que o seu projeto ser\u00e1 executado com qualidade, agilidade e rapidez e em conformidade com as normas t\u00e9cnicas brasileiras.<\/p>\n<p><img loading=\"lazy\" class=\"aligncenter size-full wp-image-18797\" src=\"http:\/\/novo.gruporazente.com.br\/wp-content\/uploads\/2018\/08\/premoldados.jpg\" alt=\"\" width=\"640\" height=\"380\" srcset=\"https:\/\/www.imobiliariarazente.com.br\/wp-content\/uploads\/2018\/08\/premoldados.jpg 640w, https:\/\/www.imobiliariarazente.com.br\/wp-content\/uploads\/2018\/08\/premoldados-300x178.jpg 300w\" sizes=\"(max-width: 640px) 100vw, 640px\" \/><\/p>\n","protected":false},"excerpt":{"rendered":"<p>Adquirida em 1990, a antiga Indulajes passou a se chamar Pr\u00e9-Moldados Razente e foi incorporada ao Grupo Razente. A Pr\u00e9-Moldados Razente \u00e9 uma empresa s\u00f3lida que iniciou seu trabalho com a fabrica\u00e7\u00e3o de lajes pr\u00e9-fabricadas, muros e pequenos barrac\u00f5es para bicho da seda. Nestes mais de 30 anos de exist\u00eancia desenvolve um trabalho visando a qualidade e satisfa\u00e7\u00e3o de nossos clientes, construindo um hist\u00f3rico &#8230;<\/p>\n","protected":false},"author":1,"featured_media":0,"parent":0,"menu_order":0,"comment_status":"closed","ping_status":"closed","template":"","meta":[],"_links":{"self":[{"href":"https:\/\/www.imobiliariarazente.com.br\/index.php\/wp-json\/wp\/v2\/pages\/18796"}],"collection":[{"href":"https:\/\/www.imobiliariarazente.com.br\/index.php\/wp-json\/wp\/v2\/pages"}],"about":[{"href":"https:\/\/www.imobiliariarazente.com.br\/index.php\/wp-json\/wp\/v2\/types\/page"}],"author":[{"embeddable":true,"href":"https:\/\/www.imobiliariarazente.com.br\/index.php\/wp-json\/wp\/v2\/users\/1"}],"replies":[{"embeddable":true,"href":"https:\/\/www.imobiliariarazente.com.br\/index.php\/wp-json\/wp\/v2\/comments?post=18796"}],"version-history":[{"count":2,"href":"https:\/\/www.imobiliariarazente.com.br\/index.php\/wp-json\/wp\/v2\/pages\/18796\/revisions"}],"predecessor-version":[{"id":20978,"href":"https:\/\/www.imobiliariarazente.com.br\/index.php\/wp-json\/wp\/v2\/pages\/18796\/revisions\/20978"}],"wp:attachment":[{"href":"https:\/\/www.imobiliariarazente.com.br\/index.php\/wp-json\/wp\/v2\/media?parent=18796"}],"curies":[{"name":"wp","href":"https:\/\/api.w.org\/{rel}","templated":true}]}}